{"id":43,"date":"2022-09-20T12:19:26","date_gmt":"2022-09-20T12:19:26","guid":{"rendered":"https:\/\/fastwpdemo.com\/newwp\/ticrou\/?page_id=43"},"modified":"2025-10-16T22:38:10","modified_gmt":"2025-10-16T20:38:10","slug":"contact","status":"publish","type":"page","link":"https:\/\/tpcompagnie.fr\/?page_id=43","title":{"rendered":"Contact"},"content":{"rendered":"\t\t<div data-elementor-type=\"wp-page\" data-elementor-id=\"43\" class=\"elementor elementor-43\">\n\t\t\t\t\t\t<section class=\"elementor-section elementor-top-section elementor-element elementor-element-5b98d14 elementor-section-full_width elementor-section-height-default elementor-section-height-default\" data-id=\"5b98d14\" data-element_type=\"section\">\n\t\t\t\t\t\t<div class=\"elementor-container elementor-column-gap-default\">\n\t\t\t\t\t<div class=\"elementor-column elementor-col-100 elementor-top-column elementor-element elementor-element-0645fd4\" data-id=\"0645fd4\" data-element_type=\"column\">\n\t\t\t<div class=\"elementor-widget-wrap elementor-element-populated\">\n\t\t\t\t\t\t<div class=\"elementor-element elementor-element-838b87a elementor-widget elementor-widget-ticrou_contact_us_v4\" data-id=\"838b87a\" data-element_type=\"widget\" data-widget_type=\"ticrou_contact_us_v4.default\">\n\t\t\t\t<div class=\"elementor-widget-container\">\n\t\t\t\t\t    \n    <!-- contact-section -->\n    <section class=\"contact-section\">\n                <figure class=\"vector-1\"><img decoding=\"async\" src=\"https:\/\/tpcompagnie.fr\/wp-content\/themes\/ticrou\/assets\/images\/icons\/vector-2.png\" alt=\"Awesome Image\"><\/figure>\n        <figure class=\"vector-2\"><img decoding=\"async\" src=\"https:\/\/tpcompagnie.fr\/wp-content\/themes\/ticrou\/assets\/images\/icons\/vector-4.png\" alt=\"Awesome Image\"><\/figure>\n        <figure class=\"vector-3\"><img decoding=\"async\" src=\"https:\/\/tpcompagnie.fr\/wp-content\/themes\/ticrou\/assets\/images\/icons\/vector-6.png\" alt=\"Awesome Image\"><\/figure>\n                <div class=\"auto-container\">\n            <div class=\"row clearfix\">\n                <div class=\"col-lg-4 col-md-12 col-sm-12 info-column\">\n                    <div class=\"info-inner\">\n                                                <div class=\"text\">\n                            <h2>TP Compagnie<\/h2>                                                    <\/div>\n                                                <ul class=\"info-list clearfix\">\n                                                        <li>\n                                <i class=\"icon icon-39\"><\/i>                                <h5>Addresse<\/h5>                                <p>1 Pl. de l'\u00c9glise, 79210 Ar\u00e7ais<\/p>                            <\/li>\n                                                        <li>\n                                <i class=\"icon icon-40\"><\/i>                                <h5>T\u00e9l\u00e9phone:<\/h5>                                <p><a href=\"tel:(+91)-333-666-0021\">09 86 32 28 67<\/a><\/p>                            <\/li>\n                                                        <li>\n                                <i class=\"icon icon-1\"><\/i>                                <h5>Email:<\/h5>                                <p><a href=\"mailto:contact@tpcompagnie.fr\">contact@tpcompagnie.fr<\/a><\/p>                            <\/li>\n                                                        <li>\n                                <i class=\"icon icon-2\"><\/i>                                <h5>Horaire d'ouverture<\/h5>                                <p>Lundi - Jeudi:<\/br>\n<em>10h30 - 15h \/ 18h - 22h<\/em><\/br>\nVendredi - Samedi: <\/br>\n<em>10h30 - 15h \n18h - 22h <\/em><\/p>                            <\/li>\n                                                    <\/ul>\n                        <ul class=\"social-links clearfix\">\n                                                        <li><a href=\"https:\/\/www.facebook.com\/\"><i class=\"fab  fa-facebook-f\"><\/i><\/a><\/li>\n                                                        <li><a href=\"https:\/\/www.twitter.com\/\"><i class=\"fab  fa-twitter\"><\/i><\/a><\/li>\n                                                        <li><a href=\"https:\/\/www.pinterest.com\/\"><i class=\"fab  fa-pinterest-p\"><\/i><\/a><\/li>\n                                                        <li><a href=\"https:\/\/www.instagram.com\/\"><i class=\"fab  fa-instagram\"><\/i><\/a><\/li>\n                                                    <\/ul>\n                    <\/div>\n                <\/div>\n                <div class=\"col-lg-8 col-md-12 col-sm-12 form-column\">\n                    <div class=\"form-inner centred\">\n                        <h2>Contactez Nous<\/h2>                                                <div id=\"contact-form\"> \n                            \n<div class=\"wpcf7 no-js\" id=\"wpcf7-f425-o1\" lang=\"en-US\" dir=\"ltr\" data-wpcf7-id=\"425\">\n<div class=\"screen-reader-response\"><p role=\"status\" aria-live=\"polite\" aria-atomic=\"true\"><\/p> <ul><\/ul><\/div>\n<form action=\"\/index.php?rest_route=%2Fwp%2Fv2%2Fpages%2F43#wpcf7-f425-o1\" method=\"post\" class=\"wpcf7-form init\" aria-label=\"Contact form\" novalidate=\"novalidate\" data-status=\"init\">\n<fieldset class=\"hidden-fields-container\"><input type=\"hidden\" name=\"_wpcf7\" value=\"425\" \/><input type=\"hidden\" name=\"_wpcf7_version\" value=\"6.1.4\" \/><input type=\"hidden\" name=\"_wpcf7_locale\" value=\"en_US\" \/><input type=\"hidden\" name=\"_wpcf7_unit_tag\" value=\"wpcf7-f425-o1\" \/><input type=\"hidden\" name=\"_wpcf7_container_post\" value=\"0\" \/><input type=\"hidden\" name=\"_wpcf7_posted_data_hash\" value=\"\" \/>\n<\/fieldset>\n<div class=\"row clearfix\">\n\t<div class=\"col-lg-6 col-md-6 col-sm-12 form-group\">\n\t\t<p><span class=\"wpcf7-form-control-wrap\" data-name=\"text-152\"><input size=\"40\" maxlength=\"400\" class=\"wpcf7-form-control wpcf7-text wpcf7-validates-as-required\" aria-required=\"true\" aria-invalid=\"false\" placeholder=\"Votre Nom\" value=\"\" type=\"text\" name=\"text-152\" \/><\/span>\n\t\t<\/p>\n\t<\/div>\n\t<div class=\"col-lg-6 col-md-6 col-sm-12 form-group\">\n\t\t<p><span class=\"wpcf7-form-control-wrap\" data-name=\"email-784\"><input size=\"40\" maxlength=\"400\" class=\"wpcf7-form-control wpcf7-email wpcf7-validates-as-required wpcf7-text wpcf7-validates-as-email\" aria-required=\"true\" aria-invalid=\"false\" placeholder=\"Votre email\" value=\"\" type=\"email\" name=\"email-784\" \/><\/span>\n\t\t<\/p>\n\t<\/div>\n\t<div class=\"col-lg-12 col-md-12 col-sm-12 form-group\">\n\t\t<p><span class=\"wpcf7-form-control-wrap\" data-name=\"text-153\"><input size=\"40\" maxlength=\"400\" class=\"wpcf7-form-control wpcf7-text wpcf7-validates-as-required\" aria-required=\"true\" aria-invalid=\"false\" placeholder=\"T\u00e9l\u00e9phone\" value=\"\" type=\"text\" name=\"text-153\" \/><\/span>\n\t\t<\/p>\n\t<\/div>\n\t<div class=\"col-lg-12 col-md-12 col-sm-12 form-group\">\n\t\t<p><span class=\"wpcf7-form-control-wrap\" data-name=\"textarea-291\"><textarea cols=\"40\" rows=\"10\" maxlength=\"2000\" class=\"wpcf7-form-control wpcf7-textarea wpcf7-validates-as-required\" aria-required=\"true\" aria-invalid=\"false\" placeholder=\"Tapez votre message\" name=\"textarea-291\"><\/textarea><\/span>\n\t\t<\/p>\n\t<\/div>\n\t<div class=\"col-lg-12 col-md-12 col-sm-12 form-group message-btn\">\n\t\t<p><button type=\"submit\" class=\"theme-btn-one\">Envoyer<\/button>\n\t\t<\/p>\n\t<\/div>\n<\/div><div class=\"wpcf7-response-output\" aria-hidden=\"true\"><\/div>\n<\/form>\n<\/div>\n                        <\/div>\n                                            <\/div>\n                <\/div>\n            <\/div>\n        <\/div>\n    <\/section>\n    <!-- contact-section end -->\n  \n    \t\t\t\t<\/div>\n\t\t\t\t<\/div>\n\t\t\t\t\t<\/div>\n\t\t<\/div>\n\t\t\t\t\t<\/div>\n\t\t<\/section>\n\t\t\t\t<section class=\"elementor-section elementor-top-section elementor-element elementor-element-c0c93c4 elementor-section-full_width elementor-section-height-default elementor-section-height-default\" data-id=\"c0c93c4\" data-element_type=\"section\">\n\t\t\t\t\t\t<div class=\"elementor-container elementor-column-gap-default\">\n\t\t\t\t\t<div class=\"elementor-column elementor-col-100 elementor-top-column elementor-element elementor-element-010af2b\" data-id=\"010af2b\" data-element_type=\"column\">\n\t\t\t<div class=\"elementor-widget-wrap elementor-element-populated\">\n\t\t\t\t\t\t<div class=\"elementor-element elementor-element-9cd980b elementor-widget-tablet__width-initial elementor-widget elementor-widget-ticrou_google_map_v1\" data-id=\"9cd980b\" data-element_type=\"widget\" data-widget_type=\"ticrou_google_map_v1.default\">\n\t\t\t\t<div class=\"elementor-widget-container\">\n\t\t\t\t\t    \n    <!-- google-map-section -->\n    <section class=\"google-map-section\">\n        <div class=\"map-inner p_relative d_block\">\n            <div  class=\"google-map\" id=\"contact-google-map\">\n                <iframe src=\"https:\/\/www.google.com\/maps\/embed?pb=!1m18!1m12!1m3!1d2756.6495277485683!2d-0.6943426233805836!3d46.296936471099734!2m3!1f0!2f0!3f0!3m2!1i1024!2i768!4f13.1!3m3!1m2!1s0x4806d6bc3645d4fb%3A0x31448ee4442f7bf9!2s1%20Pl.%20de%20l&#39;%C3%89glise%2C%2079210%20Ar%C3%A7ais!5e0!3m2!1sfr!2sfr!4v1760446567908!5m2!1sfr!2sfr\" width=\"600\" height=\"450\" style=\"border:0;\" allowfullscreen=\"\" loading=\"lazy\" referrerpolicy=\"no-referrer-when-downgrade\"><\/iframe>            <\/div>\n        <\/div>\n    <\/section>\n    <!-- google-map-section end -->\n \n    \t\t\t\t<\/div>\n\t\t\t\t<\/div>\n\t\t\t\t\t<\/div>\n\t\t<\/div>\n\t\t\t\t\t<\/div>\n\t\t<\/section>\n\t\t\t\t<\/div>\n\t\t","protected":false},"excerpt":{"rendered":"<p>TP Compagnie Addresse 1 Pl. de l&#8217;\u00c9glise, 79210 Ar\u00e7ais T\u00e9l\u00e9phone: 09 86 32 28 67 Email: contact@tpcompagnie.fr Horaire d&#8217;ouverture Lundi &#8211; Jeudi: 10h30 &#8211; 15h \/ 18h &#8211; 22h Vendredi &#8211; Samedi: 10h30 &#8211; 15h 18h &#8211; 22h Contactez Nous Envoyer<\/p>\n","protected":false},"author":1,"featured_media":0,"parent":0,"menu_order":0,"comment_status":"closed","ping_status":"closed","template":"tpl-default-elementor.php","meta":{"footnotes":""},"class_list":["post-43","page","type-page","status-publish","hentry"],"jetpack_sharing_enabled":true,"_links":{"self":[{"href":"https:\/\/tpcompagnie.fr\/index.php?rest_route=\/wp\/v2\/pages\/43","targetHints":{"allow":["GET"]}}],"collection":[{"href":"https:\/\/tpcompagnie.fr\/index.php?rest_route=\/wp\/v2\/pages"}],"about":[{"href":"https:\/\/tpcompagnie.fr\/index.php?rest_route=\/wp\/v2\/types\/page"}],"author":[{"embeddable":true,"href":"https:\/\/tpcompagnie.fr\/index.php?rest_route=\/wp\/v2\/users\/1"}],"replies":[{"embeddable":true,"href":"https:\/\/tpcompagnie.fr\/index.php?rest_route=%2Fwp%2Fv2%2Fcomments&post=43"}],"version-history":[{"count":21,"href":"https:\/\/tpcompagnie.fr\/index.php?rest_route=\/wp\/v2\/pages\/43\/revisions"}],"predecessor-version":[{"id":1086,"href":"https:\/\/tpcompagnie.fr\/index.php?rest_route=\/wp\/v2\/pages\/43\/revisions\/1086"}],"wp:attachment":[{"href":"https:\/\/tpcompagnie.fr\/index.php?rest_route=%2Fwp%2Fv2%2Fmedia&parent=43"}],"curies":[{"name":"wp","href":"https:\/\/api.w.org\/{rel}","templated":true}]}}