{"id":40,"date":"2022-09-20T12:18:55","date_gmt":"2022-09-20T12:18:55","guid":{"rendered":"https:\/\/fastwpdemo.com\/newwp\/ticrou\/?page_id=40"},"modified":"2025-10-14T12:49:39","modified_gmt":"2025-10-14T10:49:39","slug":"reservation","status":"publish","type":"page","link":"https:\/\/tpcompagnie.fr\/?page_id=40","title":{"rendered":"Reservation"},"content":{"rendered":"\t\t<div data-elementor-type=\"wp-page\" data-elementor-id=\"40\" class=\"elementor elementor-40\">\n\t\t\t\t\t\t<section class=\"elementor-section elementor-top-section elementor-element elementor-element-609d9b2 elementor-section-full_width elementor-section-height-default elementor-section-height-default\" data-id=\"609d9b2\" data-element_type=\"section\">\n\t\t\t\t\t\t<div class=\"elementor-container elementor-column-gap-default\">\n\t\t\t\t\t<div class=\"elementor-column elementor-col-100 elementor-top-column elementor-element elementor-element-af1201e\" data-id=\"af1201e\" data-element_type=\"column\">\n\t\t\t<div class=\"elementor-widget-wrap elementor-element-populated\">\n\t\t\t\t\t\t<div class=\"elementor-element elementor-element-4376bd4 elementor-widget elementor-widget-ticrou_contact_us_v1\" data-id=\"4376bd4\" data-element_type=\"widget\" data-widget_type=\"ticrou_contact_us_v1.default\">\n\t\t\t\t<div class=\"elementor-widget-container\">\n\t\t\t\t\t    \n    <!-- order-section -->\n    <section class=\"order-section reservation-page bg-color-2\">\n                        <div class=\"shape\">\n            <div class=\"shape-1\" style=\"background-image: url(https:\/\/tpcompagnie.fr\/wp-content\/themes\/ticrou\/assets\/images\/shape\/shape-15.png);\"><\/div>\n            <div class=\"shape-2\" style=\"background-image: url(https:\/\/tpcompagnie.fr\/wp-content\/themes\/ticrou\/assets\/images\/shape\/shape-16.png);\"><\/div>\n            <div class=\"shape-3\" style=\"background-image: url(https:\/\/tpcompagnie.fr\/wp-content\/themes\/ticrou\/assets\/images\/shape\/shape-17.png);\"><\/div>\n            <div class=\"shape-4\" style=\"background-image: url(https:\/\/tpcompagnie.fr\/wp-content\/themes\/ticrou\/assets\/images\/shape\/shape-18.png);\"><\/div>\n        <\/div>\n                <div class=\"auto-container\">\n                        <div class=\"sec-title centred mb_50\">\n                <span class=\"sub-title\">R\u00e9servation<\/span>                <h2>Faites votre  <br \/>Reservation<\/h2>            <\/div>\n                                    <div class=\"form-inner\">\n                \n<div class=\"wpcf7 no-js\" id=\"wpcf7-f309-o1\" lang=\"en-US\" dir=\"ltr\" data-wpcf7-id=\"309\">\n<div class=\"screen-reader-response\"><p role=\"status\" aria-live=\"polite\" aria-atomic=\"true\"><\/p> <ul><\/ul><\/div>\n<form action=\"\/index.php?rest_route=%2Fwp%2Fv2%2Fpages%2F40#wpcf7-f309-o1\" method=\"post\" class=\"wpcf7-form init\" aria-label=\"Contact form\" novalidate=\"novalidate\" data-status=\"init\">\n<fieldset class=\"hidden-fields-container\"><input type=\"hidden\" name=\"_wpcf7\" value=\"309\" \/><input type=\"hidden\" name=\"_wpcf7_version\" value=\"6.1.4\" \/><input type=\"hidden\" name=\"_wpcf7_locale\" value=\"en_US\" \/><input type=\"hidden\" name=\"_wpcf7_unit_tag\" value=\"wpcf7-f309-o1\" \/><input type=\"hidden\" name=\"_wpcf7_container_post\" value=\"0\" \/><input type=\"hidden\" name=\"_wpcf7_posted_data_hash\" value=\"\" \/>\n<\/fieldset>\n<div class=\"row clearfix\">\n\t<div class=\"col-lg-6 col-md-6 col-sm-12 form-group\">\n\t\t<p><span class=\"wpcf7-form-control-wrap\" data-name=\"text-433\"><input size=\"40\" maxlength=\"400\" class=\"wpcf7-form-control wpcf7-text wpcf7-validates-as-required\" aria-required=\"true\" aria-invalid=\"false\" placeholder=\"Nom entier\" value=\"\" type=\"text\" name=\"text-433\" \/><\/span>\n\t\t<\/p>\n\t<\/div>\n\t<div class=\"col-lg-6 col-md-6 col-sm-12 form-group\">\n\t\t<p><span class=\"wpcf7-form-control-wrap\" data-name=\"email-488\"><input size=\"40\" maxlength=\"400\" class=\"wpcf7-form-control wpcf7-email wpcf7-validates-as-required wpcf7-text wpcf7-validates-as-email\" aria-required=\"true\" aria-invalid=\"false\" placeholder=\"Addresse Email\" value=\"\" type=\"email\" name=\"email-488\" \/><\/span>\n\t\t<\/p>\n\t<\/div>\n\t<div class=\"col-lg-4 col-md-4 col-sm-12 form-group\">\n\t\t<p><span class=\"wpcf7-form-control-wrap\" data-name=\"text-434\"><input size=\"40\" maxlength=\"400\" class=\"wpcf7-form-control wpcf7-text wpcf7-validates-as-required\" aria-required=\"true\" aria-invalid=\"false\" placeholder=\"T\u00e9l\u00e9phone\" value=\"\" type=\"text\" name=\"text-434\" \/><\/span>\n\t\t<\/p>\n\t<\/div>\n\t<div class=\"col-lg-7 col-md-7 col-sm-12 offset-1 form-group\">\n\t\t<div class=\"select-box\">\n\t\t\t<p><span class=\"wpcf7-form-control-wrap\" data-name=\"nb_personnes\"><select class=\"wpcf7-form-control wpcf7-select wpcf7-validates-as-required\" aria-required=\"true\" aria-invalid=\"false\" name=\"nb_personnes\"><option value=\"\">1 personne<\/option><option value=\"2 personnes\">2 personnes<\/option><option value=\"3 personnes\">3 personnes<\/option><option value=\"4 personnes\">4 personnes<\/option><option value=\"5 personnes\">5 personnes<\/option><option value=\"6 personnes\">6 personnes<\/option><option value=\"7 personnes\">7 personnes<\/option><option value=\"8 personnes\">8 personnes<\/option><option value=\"9 personnes\">9 personnes<\/option><option value=\"10 personnes\">10 personnes<\/option><option value=\"&gt; 10 pr\u00e9ciser dans le champs demande particuli\u00e8re\">&gt; 10 pr\u00e9ciser dans le champs demande particuli\u00e8re<\/option><\/select><\/span>\n\t\t\t<\/p>\n\t\t<\/div>\n\t<\/div>\n\t<div class=\"col-lg-4 col-md-6 col-sm-12 form-group\">\n\t\t<div class=\"icon\">\n\t\t\t<p><i class=\"icon-13\"><\/i>\n\t\t\t<\/p>\n\t\t<\/div>\n\t\t<p><span class=\"wpcf7-form-control-wrap\" data-name=\"text-738\"><input size=\"40\" maxlength=\"400\" class=\"wpcf7-form-control wpcf7-text wpcf7-validates-as-required\" id=\"datepicker\" aria-required=\"true\" aria-invalid=\"false\" placeholder=\"Date de r\u00e9servation\" value=\"\" type=\"text\" name=\"text-738\" \/><\/span>\n\t\t<\/p>\n\t<\/div>\n\t<div class=\"col-lg-4 col-md-6 col-sm-12 form-group\">\n\t\t<p><span class=\"wpcf7-form-control-wrap\" data-name=\"time-18\"><input size=\"40\" maxlength=\"400\" class=\"wpcf7-form-control wpcf7-text\" aria-invalid=\"false\" placeholder=\"12:00\" value=\"\" type=\"text\" name=\"time-18\" \/><\/span>\n\t\t<\/p>\n\t<\/div>\n\t<div class=\"col-lg-12 col-md-12 col-sm-12 form-group\">\n\t\t<p><span class=\"wpcf7-form-control-wrap\" data-name=\"textarea-979\"><textarea cols=\"40\" rows=\"10\" maxlength=\"2000\" class=\"wpcf7-form-control wpcf7-textarea wpcf7-validates-as-required\" aria-required=\"true\" aria-invalid=\"false\" placeholder=\"Demande particuli\u00e8re\" name=\"textarea-979\"><\/textarea><\/span>\n\t\t<\/p>\n\t<\/div>\n\t<div class=\"col-lg-12 col-md-12 col-sm-12 form-group message-btn centred\">\n\t\t<p><button type=\"submit\" class=\"theme-btn-one\">Valider la r\u00e9servation<\/button>\n\t\t<\/p>\n\t<\/div>\n<\/div><div class=\"wpcf7-response-output\" aria-hidden=\"true\"><\/div>\n<\/form>\n<\/div>\n\n\n\n\n\n            <\/div>\n                    <\/div>\n    <\/section>\n    <!-- order-section end -->\n  \n    \t\t\t\t<\/div>\n\t\t\t\t<\/div>\n\t\t\t\t\t<\/div>\n\t\t<\/div>\n\t\t\t\t\t<\/div>\n\t\t<\/section>\n\t\t\t\t<\/div>\n\t\t","protected":false},"excerpt":{"rendered":"<p>R\u00e9servation Faites votre Reservation 1 personne2 personnes3 personnes4 personnes5 personnes6 personnes7 personnes8 personnes9 personnes10 personnes&gt; 10 pr\u00e9ciser dans le champs demande particuli\u00e8re Valider la r\u00e9servation<\/p>\n","protected":false},"author":1,"featured_media":0,"parent":0,"menu_order":0,"comment_status":"closed","ping_status":"closed","template":"tpl-default-elementor.php","meta":{"footnotes":""},"class_list":["post-40","page","type-page","status-publish","hentry"],"jetpack_sharing_enabled":true,"_links":{"self":[{"href":"https:\/\/tpcompagnie.fr\/index.php?rest_route=\/wp\/v2\/pages\/40","targetHints":{"allow":["GET"]}}],"collection":[{"href":"https:\/\/tpcompagnie.fr\/index.php?rest_route=\/wp\/v2\/pages"}],"about":[{"href":"https:\/\/tpcompagnie.fr\/index.php?rest_route=\/wp\/v2\/types\/page"}],"author":[{"embeddable":true,"href":"https:\/\/tpcompagnie.fr\/index.php?rest_route=\/wp\/v2\/users\/1"}],"replies":[{"embeddable":true,"href":"https:\/\/tpcompagnie.fr\/index.php?rest_route=%2Fwp%2Fv2%2Fcomments&post=40"}],"version-history":[{"count":12,"href":"https:\/\/tpcompagnie.fr\/index.php?rest_route=\/wp\/v2\/pages\/40\/revisions"}],"predecessor-version":[{"id":907,"href":"https:\/\/tpcompagnie.fr\/index.php?rest_route=\/wp\/v2\/pages\/40\/revisions\/907"}],"wp:attachment":[{"href":"https:\/\/tpcompagnie.fr\/index.php?rest_route=%2Fwp%2Fv2%2Fmedia&parent=40"}],"curies":[{"name":"wp","href":"https:\/\/api.w.org\/{rel}","templated":true}]}}