{"id":3,"date":"2025-09-21T23:59:52","date_gmt":"2025-09-21T21:59:52","guid":{"rendered":"https:\/\/tpcompagnie.fr\/?page_id=3"},"modified":"2025-10-16T16:40:39","modified_gmt":"2025-10-16T14:40:39","slug":"politique-de-confidentialite","status":"publish","type":"page","link":"https:\/\/tpcompagnie.fr\/?page_id=3","title":{"rendered":"Politique de confidentialit\u00e9 <br\/>&amp; Mentions l\u00e9gales"},"content":{"rendered":"\n\n<h3>1. Editeur de site<\/h3>\n<p>\u00a0<\/p>\n\n<p>Le pr\u00e9sent site internet <a href=\"https:\/\/www.tpcompagnie.fr\">https:\/\/www.tpcompagnie.fr<\/a> est \u00e9dit\u00e9 par :<br \/><strong>SAS TP Compagnie<\/strong><br \/>Si\u00e8ge social : 1 Place de l&#8217;\u00c9glise, 79210 Ar\u00e7ais, France<br \/>SIREN : 942 993 270<br \/>SIRET : 942 993 270 00019<br \/>Capital social : 500 \u20ac<br \/>Responsable de la publication : <strong>Pierre-Evins Malivert<\/strong><br \/>Adresse e-mail : <a>contact@tpcompagnie.fr<\/a><\/p>\n<p>\u00a0<\/p>\n\n\n<\/p>\n<hr \/>\n<p>\n\n\n<h3>2. H\u00e9bergement<\/h3>\n<p>\u00a0<\/p>\n\n<p>Le site est h\u00e9berg\u00e9 par :<br \/><strong>IONOS SARL<\/strong><br \/>Adresse : 7 Place de la Gare, BP 70109, 57200 Sarreguemines Cedex<br \/>Site web : <a>https:\/\/www.ionos.fr<\/a><br \/>T\u00e9l\u00e9phone : 09 70 80 89 11<\/p>\n<p>\u00a0<\/p>\n\n\n<\/p>\n<hr \/>\n<p>\n\n\n<h3>3. Activit\u00e9<\/h3>\n<p>\u00a0<\/p>\n\n<p>TP Compagnie est un restaurant proposant des <strong>services de restauration sur place et \u00e0 emporter, traiteur, location de salles<\/strong> et la <strong>vente de produits et marchandises en ligne<\/strong>.<\/p>\n<p>\u00a0<\/p>\n\n\n<\/p>\n<hr \/>\n<p>\n\n\n<h3>4. Propri\u00e9t\u00e9 intellectuelle<\/h3>\n<p>\u00a0<\/p>\n\n<p>L\u2019ensemble du contenu pr\u00e9sent sur le site (textes, images, graphismes, logo, ic\u00f4nes, etc.) est la propri\u00e9t\u00e9 exclusive de TP Compagnie, sauf mention contraire.<br \/>Toute reproduction, distribution, modification, adaptation, retransmission ou publication, m\u00eame partielle, de ces diff\u00e9rents \u00e9l\u00e9ments est strictement interdite sans l\u2019accord \u00e9crit de TP Compagnie.<br \/>Certaines images ou contenus peuvent provenir de sources tierces libres de droits, d\u00fbment cr\u00e9dit\u00e9es le cas \u00e9ch\u00e9ant.<\/p>\n<p>\u00a0<\/p>\n\n\n<\/p>\n<hr \/>\n<p>\n\n\n<h3>5. Donn\u00e9es personnelles<\/h3>\n<p>\u00a0<\/p>\n\n<p>Le site <a href=\"https:\/\/www.tpcompagnie.fr\">tpcompagnie.fr<\/a> collecte des informations personnelles via :<\/p>\n<p>\u00a0<\/p>\n\n<ul>\n<li style=\"list-style-type: none;\">\n<p>\u00a0<\/p>\n<\/li>\n<\/ul>\n\n<h4>Finalit\u00e9s du traitement<\/h4>\n<p>\u00a0<\/p>\n\n<p>Les donn\u00e9es collect\u00e9es sont utilis\u00e9es uniquement dans le cadre des \u00e9changes entre TP Compagnie et les utilisateurs, \u00e0 des fins de communication, de gestion de devis, ou d\u2019organisation de prestations.<\/p>\n<p>\u00a0<\/p>\n\n<h4>Dur\u00e9e de conservation<\/h4>\n<p>\u00a0<\/p>\n\n\n<p><\/p>\n\n\n<h4>Droit d\u2019acc\u00e8s et de rectification<\/h4>\n<p>\u00a0<\/p>\n\n<p>Conform\u00e9ment au <strong>R\u00e8glement G\u00e9n\u00e9ral sur la Protection des Donn\u00e9es (RGPD)<\/strong>, vous disposez d\u2019un droit d\u2019acc\u00e8s, de rectification, de suppression, et d\u2019opposition aux donn\u00e9es vous concernant.<br \/>Pour exercer ces droits, vous pouvez contacter :<br \/>\ud83d\udce9 <a>contact@tpcompagnie.fr<\/a><\/p>\n<p>\u00a0<\/p>\n\n\n<\/p>\n<hr \/>\n<p>\n\n\n<h3>6. Cookies<\/h3>\n<p>\u00a0<\/p>\n<p>\u00a0<\/p>\n\n\n<script id=\"CookieDeclaration\" src=\"https:\/\/consent.cookiebot.com\/8d3662a5-b37e-4094-bd11-c2119189fe01\/cd.js\" type=\"text\/javascript\" async><\/script>\n\n\n\n<\/p>\n<hr \/>\n<p>\n\n\n<h3>7. Responsabilit\u00e9<\/h3>\n<p>\u00a0<\/p>\n\n<p>TP Compagnie s\u2019efforce d\u2019assurer l\u2019exactitude des informations diffus\u00e9es sur son site, mais ne saurait \u00eatre tenue responsable des omissions, inexactitudes ou carences dans la mise \u00e0 jour.<\/p>\n<p>\u00a0<\/p>\n\n\n<\/p>\n<hr \/>\n<p>\n\n\n<h3>8. Droit applicable<\/h3>\n<p>\u00a0<\/p>\n\n<p>Le pr\u00e9sent site et ses mentions l\u00e9gales sont soumis au <strong>droit fran\u00e7ais<\/strong>.<br \/>Tout litige relatif \u00e0 l\u2019utilisation du site sera de la comp\u00e9tence exclusive des tribunaux fran\u00e7ais<\/p>\n<p>\u00a0<\/p>\n\n\n\n\n\n\n<p><\/p>\n","protected":false},"excerpt":{"rendered":"<p>1. Editeur de site \u00a0 Le pr\u00e9sent site internet https:\/\/www.tpcompagnie.fr est \u00e9dit\u00e9 par :SAS TP CompagnieSi\u00e8ge social : 1 Place de l&#8217;\u00c9glise, 79210 Ar\u00e7ais, FranceSIREN : 942 993 270SIRET : 942 993 270 00019Capital social : 500 \u20acResponsable de la publication : Pierre-Evins MalivertAdresse e-mail : contact@tpcompagnie.fr \u00a0 2. H\u00e9bergement \u00a0 Le site est h\u00e9berg\u00e9 [&hellip;]<\/p>\n","protected":false},"author":1,"featured_media":0,"parent":0,"menu_order":0,"comment_status":"closed","ping_status":"open","template":"","meta":{"footnotes":""},"class_list":["post-3","page","type-page","status-publish","hentry"],"jetpack_sharing_enabled":true,"_links":{"self":[{"href":"https:\/\/tpcompagnie.fr\/index.php?rest_route=\/wp\/v2\/pages\/3","targetHints":{"allow":["GET"]}}],"collection":[{"href":"https:\/\/tpcompagnie.fr\/index.php?rest_route=\/wp\/v2\/pages"}],"about":[{"href":"https:\/\/tpcompagnie.fr\/index.php?rest_route=\/wp\/v2\/types\/page"}],"author":[{"embeddable":true,"href":"https:\/\/tpcompagnie.fr\/index.php?rest_route=\/wp\/v2\/users\/1"}],"replies":[{"embeddable":true,"href":"https:\/\/tpcompagnie.fr\/index.php?rest_route=%2Fwp%2Fv2%2Fcomments&post=3"}],"version-history":[{"count":8,"href":"https:\/\/tpcompagnie.fr\/index.php?rest_route=\/wp\/v2\/pages\/3\/revisions"}],"predecessor-version":[{"id":1053,"href":"https:\/\/tpcompagnie.fr\/index.php?rest_route=\/wp\/v2\/pages\/3\/revisions\/1053"}],"wp:attachment":[{"href":"https:\/\/tpcompagnie.fr\/index.php?rest_route=%2Fwp%2Fv2%2Fmedia&parent=3"}],"curies":[{"name":"wp","href":"https:\/\/api.w.org\/{rel}","templated":true}]}}