{"id":22,"date":"2022-09-20T11:54:53","date_gmt":"2022-09-20T11:54:53","guid":{"rendered":"https:\/\/fastwpdemo.com\/newwp\/ticrou\/?page_id=22"},"modified":"2025-10-26T15:49:51","modified_gmt":"2025-10-26T14:49:51","slug":"about-us","status":"publish","type":"page","link":"https:\/\/tpcompagnie.fr\/?page_id=22","title":{"rendered":"A propos de nous"},"content":{"rendered":"\t\t<div data-elementor-type=\"wp-page\" data-elementor-id=\"22\" class=\"elementor elementor-22\">\n\t\t\t\t\t\t<section class=\"elementor-section elementor-top-section elementor-element elementor-element-26f5712 elementor-section-full_width elementor-section-height-default elementor-section-height-default\" data-id=\"26f5712\" data-element_type=\"section\">\n\t\t\t\t\t\t<div class=\"elementor-container elementor-column-gap-default\">\n\t\t\t\t\t<div class=\"elementor-column elementor-col-100 elementor-top-column elementor-element elementor-element-44a7caf\" data-id=\"44a7caf\" data-element_type=\"column\">\n\t\t\t<div class=\"elementor-widget-wrap elementor-element-populated\">\n\t\t\t\t\t\t<div class=\"elementor-element elementor-element-393a4d7 elementor-widget elementor-widget-ticrou_about_us_v2\" data-id=\"393a4d7\" data-element_type=\"widget\" data-widget_type=\"ticrou_about_us_v2.default\">\n\t\t\t\t<div class=\"elementor-widget-container\">\n\t\t\t\t\t    \n    <!-- about-style-two -->\n    <section class=\"about-style-two sec-pad\">\n                <div class=\"shape\">\n            <div class=\"shape-1\" style=\"background-image: url(https:\/\/tpcompagnie.fr\/wp-content\/themes\/ticrou\/assets\/images\/shape\/shape-24.png);\"><\/div>\n            <div class=\"shape-2\" style=\"background-image: url(https:\/\/tpcompagnie.fr\/wp-content\/themes\/ticrou\/assets\/images\/shape\/shape-25.png);\"><\/div>\n        <\/div>\n                <div class=\"auto-container\">\n                        <div class=\"sec-title centred mb_40\">\n                <span class=\"sub-title\">A PROPOS DE NOUS<\/span>                <h2>Service traditionel<\/h2>            <\/div>\n                        <div class=\"text-inner p_relative d_block mb_60\">\n                <div class=\"row clearfix\">\n                                        <div class=\"col-lg-6 col-md-12 col-sm-12 text-column\">\n                        <div class=\"text mr_30\">\n                             Bienvenue chez nous un lieu ou la passion du go\u00fbt se partage autour de chaque assiette                        <\/div>\n                    <\/div>\n                                                        <\/div>\n            <\/div>\n            <figure class=\"signature centred\"><img decoding=\"async\" src=\"https:\/\/tpcompagnie.fr\/wp-content\/uploads\/2022\/09\/signature-1.png\" alt=\"Awesome Image\"><\/figure>        <\/div>\n    <\/section>\n    <!-- about-style-two end -->\n \n    \t\t\t\t<\/div>\n\t\t\t\t<\/div>\n\t\t\t\t\t<\/div>\n\t\t<\/div>\n\t\t\t\t\t<\/div>\n\t\t<\/section>\n\t\t\t\t<section class=\"elementor-section elementor-top-section elementor-element elementor-element-1a92b17 elementor-section-full_width elementor-section-height-default elementor-section-height-default\" data-id=\"1a92b17\" data-element_type=\"section\">\n\t\t\t\t\t\t<div class=\"elementor-container elementor-column-gap-default\">\n\t\t\t\t\t<div class=\"elementor-column elementor-col-100 elementor-top-column elementor-element elementor-element-27be1df\" data-id=\"27be1df\" data-element_type=\"column\">\n\t\t\t<div class=\"elementor-widget-wrap elementor-element-populated\">\n\t\t\t\t\t\t<div class=\"elementor-element elementor-element-fb9d8f2 elementor-widget elementor-widget-ticrou_our_history_v1\" data-id=\"fb9d8f2\" data-element_type=\"widget\" data-widget_type=\"ticrou_our_history_v1.default\">\n\t\t\t\t<div class=\"elementor-widget-container\">\n\t\t\t\t\t    \n    <!-- story-section -->\n    <section class=\"story-section bg-color-1\">\n        <div class=\"auto-container\">\n                        <div class=\"sec-title light mb_50\">\n                <span class=\"sub-title\">Notre histoire<\/span>                <h2>Venez en apprendre plus sur nous<\/h2>            <\/div>\n                        <div class=\"story-content\">\n                <div class=\"story-carousel owl-carousel owl-theme owl-dots-none nav-style-one\">\n                                        <div class=\"story-block-one\">\n                        <div class=\"inner-box\">\n                            <span class=\"year\">2011 les foires dans le nord de la france<\/span>                            <figure class=\"image-box\"><img decoding=\"async\" src=\"https:\/\/tpcompagnie.fr\/wp-content\/uploads\/2025\/10\/1000033343.jpg\" alt=\"Awesome Image\"><\/figure>                                                        <div class=\"lower-content\">\n                                <h4><a href=\"\">les d\u00e9but<\/a><\/h4>                                <p>comment mettre en avant la culture cara\u00efb\u00e9enne?<\/p>                            <\/div>\n                                                    <\/div>\n                    <\/div>\n                                        <div class=\"story-block-one\">\n                        <div class=\"inner-box\">\n                            <span class=\"year\">2025<\/span>                            <figure class=\"image-box\"><img decoding=\"async\" src=\"https:\/\/tpcompagnie.fr\/wp-content\/uploads\/2025\/10\/IMG-20251011-WA0000.jpg\" alt=\"Awesome Image\"><\/figure>                                                        <div class=\"lower-content\">\n                                <h4><a href=\"\">Le restaurant<\/a><\/h4>                                <p>L'utilisation du restaurant ''ma gourmandise'' afin de mettre les la cuisine Antillaise en valeur<\/p>                            <\/div>\n                                                    <\/div>\n                    <\/div>\n                                        <div class=\"story-block-one\">\n                        <div class=\"inner-box\">\n                            <span class=\"year\">Fin 2025<\/span>                            <figure class=\"image-box\"><img decoding=\"async\" src=\"https:\/\/tpcompagnie.fr\/wp-content\/uploads\/2025\/09\/WhatsApp-Image-2025-09-10-at-15.15.29-1.jpeg\" alt=\"Awesome Image\"><\/figure>                                                        <div class=\"lower-content\">\n                                <h4><a href=\"\">TI'POTION <\/a><\/h4>                                <p>La commercialisation de TI'potion<\/p>                            <\/div>\n                                                    <\/div>\n                    <\/div>\n                                    <\/div>\n            <\/div>\n        <\/div>\n    <\/section>\n    <!-- story-section end -->\n \n    \t\t\t\t<\/div>\n\t\t\t\t<\/div>\n\t\t\t\t\t<\/div>\n\t\t<\/div>\n\t\t\t\t\t<\/div>\n\t\t<\/section>\n\t\t\t\t<section class=\"elementor-section elementor-top-section elementor-element elementor-element-eb7d73c elementor-section-full_width elementor-section-height-default elementor-section-height-default\" data-id=\"eb7d73c\" data-element_type=\"section\">\n\t\t\t\t\t\t<div class=\"elementor-container elementor-column-gap-default\">\n\t\t\t\t\t<div class=\"elementor-column elementor-col-100 elementor-top-column elementor-element elementor-element-53a9b08\" data-id=\"53a9b08\" data-element_type=\"column\">\n\t\t\t<div class=\"elementor-widget-wrap\">\n\t\t\t\t\t\t\t<\/div>\n\t\t<\/div>\n\t\t\t\t\t<\/div>\n\t\t<\/section>\n\t\t\t\t<section class=\"elementor-section elementor-top-section elementor-element elementor-element-74a7d18 elementor-section-full_width elementor-section-height-default elementor-section-height-default\" data-id=\"74a7d18\" data-element_type=\"section\">\n\t\t\t\t\t\t<div class=\"elementor-container elementor-column-gap-default\">\n\t\t\t\t\t<div class=\"elementor-column elementor-col-100 elementor-top-column elementor-element elementor-element-22ef9c3\" data-id=\"22ef9c3\" data-element_type=\"column\">\n\t\t\t<div class=\"elementor-widget-wrap elementor-element-populated\">\n\t\t\t\t\t\t<div class=\"elementor-element elementor-element-1657270 elementor-widget elementor-widget-ticrou_our_testimonial_v3\" data-id=\"1657270\" data-element_type=\"widget\" data-widget_type=\"ticrou_our_testimonial_v3.default\">\n\t\t\t\t<div class=\"elementor-widget-container\">\n\t\t\t\t\t    \n    <!-- testimonial-style-three -->\n    <section class=\"testimonial-style-three  sec-pad\">\n                <div class=\"image-box\">\n            <figure class=\"image-1\"><img decoding=\"async\" src=\"https:\/\/tpcompagnie.fr\/wp-content\/uploads\/2022\/09\/men-3.png\" alt=\"Awesome Image\"><\/figure>            <figure class=\"image-2\"><img decoding=\"async\" src=\"https:\/\/tpcompagnie.fr\/wp-content\/uploads\/2022\/09\/about-2.png\" alt=\"Awesome Image\"><\/figure>            <figure class=\"image-3\"><img decoding=\"async\" src=\"https:\/\/tpcompagnie.fr\/wp-content\/uploads\/2022\/09\/image-2.png\" alt=\"Awesome Image\"><\/figure>        <\/div>\n        <div class=\"auto-container\">\n            <div class=\"row clearfix\">\n                <div class=\"col-xl-6 col-lg-12 col-md-12 offset-xl-6 testimonial-column\">\n                                        <div class=\"sec-title mb_95\">\n                        <span class=\"sub-title\">T\u00e9moignage<\/span>                        <h2>Vos avis<\/h2>                    <\/div>\n                                        <div class=\"single-item-carousel owl-carousel owl-theme owl-dots-none\">\n                                                <div class=\"testimonial-block-two\">\n                            <div class=\"inner-box\">\n                                <div class=\"icon-box\"><i class=\"icon-9\"><\/i><\/div>\n                                <p>Acceuil au top ,menu vari\u00e9! On ne peut pas passer a ar\u00e7ais sans s&#8217;y arreter!<\/p>\n                                <ul class=\"rating clearfix\">\n                                    <li><i class=\"fas fa-star\"><\/i><\/li><li><i class=\"fas fa-star\"><\/i><\/li><li><i class=\"fas fa-star\"><\/i><\/li><li><i class=\"fas fa-star\"><\/i><\/li><li><i class=\"fas fa-star\"><\/i><\/li>                                <\/ul>\n                                <h4>sylvie nessler<\/h4>\n                                <span class=\"designation\">Master Chef<\/span>\n                            <\/div>\n                        <\/div>\n                                                <div class=\"testimonial-block-two\">\n                            <div class=\"inner-box\">\n                                <div class=\"icon-box\"><i class=\"icon-9\"><\/i><\/div>\n                                <p>Un peu de cara\u00efbes dans notre Marais Poitevin, \u00e9tonnant. La jeune \u00e9quipe est bien sympathique et tr\u00e8s accueillante et dans l&#8217;assiette c&#8217;est ...<\/p>\n                                <ul class=\"rating clearfix\">\n                                    <li><i class=\"fas fa-star\"><\/i><\/li><li><i class=\"fas fa-star\"><\/i><\/li><li><i class=\"fas fa-star\"><\/i><\/li><li><i class=\"far fa-star\"><\/i><\/li><li><i class=\"far fa-star\"><\/i><\/li>                                <\/ul>\n                                <h4>didier valin<\/h4>\n                                <span class=\"designation\">Master Chef<\/span>\n                            <\/div>\n                        <\/div>\n                                            <\/div>\n                <\/div>\n            <\/div>\n        <\/div>\n    <\/section>\n    <!-- testimonial-style-three end -->\n  \n \t\t\t\t\t<\/div>\n\t\t\t\t<\/div>\n\t\t\t\t<div class=\"elementor-element elementor-element-4fdc9ce elementor-widget elementor-widget-ticrou_our_services_v1\" data-id=\"4fdc9ce\" data-element_type=\"widget\" data-widget_type=\"ticrou_our_services_v1.default\">\n\t\t\t\t<div class=\"elementor-widget-container\">\n\t\t\t\t\t        \n        <!-- service-section -->\n        <section class=\"service-section sec-pad centred\">\n            <div class=\"pattern-layer\" style=\"background-image: url(https:\/\/tpcompagnie.fr\/wp-content\/themes\/ticrou\/assets\/images\/shape\/shape-2.png);\"><\/div>            <div class=\"auto-container\">\n                                <div class=\"sec-title mb_50\">\n                    <span class=\"sub-title\">Services<\/span>                    <h2>Nos qualit\u00e9s et notre passions \u00e0 votre service<\/h2>                <\/div>\n                                <div class=\"row clearfix\">\n                                        <div class=\"col-lg-3 col-md-6 col-sm-12 service-block\">\n                        <div class=\"service-block-one wow fadeInUp animated\" data-wow-delay=\"00ms\" data-wow-duration=\"1500ms\">\n                            <div class=\"inner-box\">\n                                <div class=\"icon-box\"><i class=\"icon-17\"><\/i><\/div>\n                                <h3><a href=\"https:\/\/tpcompagnie.fr\/?service=birtdhday-party\">Anniversaire<\/a><\/h3>\n                                <p>La TPcompagnie peut aussi r\u00e9alis\u00e9 vos gateaux d&#8217;anniversaire des cr\u00e9ations sucr\u00e9es qui font sensation \u00e0 chaque occasion.<\/p>\n                                <div class=\"btn-box\">\n                                    <a href=\"https:\/\/tpcompagnie.fr\/?service=birtdhday-party\" class=\"theme-btn-two\">En savoir plus<\/a>\n                                <\/div>\n                            <\/div>\n                        <\/div>\n                    <\/div>\n                                        <div class=\"col-lg-3 col-md-6 col-sm-12 service-block\">\n                        <div class=\"service-block-one wow fadeInUp animated\" data-wow-delay=\"00ms\" data-wow-duration=\"1500ms\">\n                            <div class=\"inner-box\">\n                                <div class=\"icon-box\"><i class=\"icon-20\"><\/i><\/div>\n                                <h3><a href=\"https:\/\/tpcompagnie.fr\/?service=online-delivery\">Service livraison \u00e0 domicile(hors saison)<\/a><\/h3>\n                                <p><\/p>\n                                <div class=\"btn-box\">\n                                    <a href=\"https:\/\/tpcompagnie.fr\/?service=online-delivery\" class=\"theme-btn-two\">En savoir plus<\/a>\n                                <\/div>\n                            <\/div>\n                        <\/div>\n                    <\/div>\n                                        <div class=\"col-lg-3 col-md-6 col-sm-12 service-block\">\n                        <div class=\"service-block-one wow fadeInUp animated\" data-wow-delay=\"00ms\" data-wow-duration=\"1500ms\">\n                            <div class=\"inner-box\">\n                                <div class=\"icon-box\"><i class=\"fa fa-cheeseburger\"><\/i><\/div>\n                                <h3><a href=\"https:\/\/tpcompagnie.fr\/?service=traiteur-a-domicile\">Traiteur \u00e0 domicile<\/a><\/h3>\n                                <p>La TP compagnie dispose d&#8217;un service traiteur \u00e0 domicile pr\u00e9sent pour transformer chaque repas en un moment ...<\/p>\n                                <div class=\"btn-box\">\n                                    <a href=\"https:\/\/tpcompagnie.fr\/?service=traiteur-a-domicile\" class=\"theme-btn-two\">En savoir plus<\/a>\n                                <\/div>\n                            <\/div>\n                        <\/div>\n                    <\/div>\n                                        <div class=\"col-lg-3 col-md-6 col-sm-12 service-block\">\n                        <div class=\"service-block-one wow fadeInUp animated\" data-wow-delay=\"00ms\" data-wow-duration=\"1500ms\">\n                            <div class=\"inner-box\">\n                                <div class=\"icon-box\"><i class=\"fa fa-rings-wedding\"><\/i><\/div>\n                                <h3><a href=\"https:\/\/tpcompagnie.fr\/?service=mariage\">Mariage<\/a><\/h3>\n                                <p>Chez TPcompagnie , nous faisons de vos plus beau moments un souvenir inoubliable. En plus de nos ...<\/p>\n                                <div class=\"btn-box\">\n                                    <a href=\"https:\/\/tpcompagnie.fr\/?service=mariage\" class=\"theme-btn-two\">En savoir plus<\/a>\n                                <\/div>\n                            <\/div>\n                        <\/div>\n                    <\/div>\n                                    <\/div>\n            <\/div>\n        <\/section>\n        <!-- service-section end -->\n  \n\t\t\t\t\t\t<\/div>\n\t\t\t\t<\/div>\n\t\t\t\t\t<\/div>\n\t\t<\/div>\n\t\t\t\t\t<\/div>\n\t\t<\/section>\n\t\t\t\t<section class=\"elementor-section elementor-top-section elementor-element elementor-element-53f176f elementor-section-full_width elementor-section-height-default elementor-section-height-default\" data-id=\"53f176f\" data-element_type=\"section\">\n\t\t\t\t\t\t<div class=\"elementor-container elementor-column-gap-default\">\n\t\t\t\t\t<div class=\"elementor-column elementor-col-100 elementor-top-column elementor-element elementor-element-a70e89c\" data-id=\"a70e89c\" data-element_type=\"column\">\n\t\t\t<div class=\"elementor-widget-wrap elementor-element-populated\">\n\t\t\t\t\t\t\t<\/div>\n\t\t<\/div>\n\t\t\t\t\t<\/div>\n\t\t<\/section>\n\t\t<div class=\"elementor-element elementor-element-c879107 e-flex e-con-boxed e-con e-parent\" data-id=\"c879107\" data-element_type=\"container\">\n\t\t\t\t\t<div class=\"e-con-inner\">\n\t\t\t\t<div class=\"elementor-element elementor-element-cc2a679 elementor-widget elementor-widget-heading\" data-id=\"cc2a679\" data-element_type=\"widget\" data-widget_type=\"heading.default\">\n\t\t\t\t\t<h2 class=\"elementor-heading-title elementor-size-default\">Ajoutez votre titre ici<\/h2>\t\t\t\t<\/div>\n\t\t\t\t\t<\/div>\n\t\t\t\t<\/div>\n\t\t<div class=\"elementor-element elementor-element-029cc5a e-flex e-con-boxed e-con e-parent\" data-id=\"029cc5a\" data-element_type=\"container\">\n\t\t\t\t\t<div class=\"e-con-inner\">\n\t\t\t\t<div class=\"elementor-element elementor-element-179ee8b elementor-widget elementor-widget-heading\" data-id=\"179ee8b\" data-element_type=\"widget\" data-widget_type=\"heading.default\">\n\t\t\t\t\t<h2 class=\"elementor-heading-title elementor-size-default\">Ajoutez votre titre ici<\/h2>\t\t\t\t<\/div>\n\t\t\t\t\t<\/div>\n\t\t\t\t<\/div>\n\t\t\t\t<\/div>\n\t\t","protected":false},"excerpt":{"rendered":"<p>A PROPOS DE NOUS Service traditionel Bienvenue chez nous un lieu ou la passion du go\u00fbt se partage autour de chaque assiette Notre histoire Venez en apprendre plus sur nous 2011 les foires dans le nord de la france les d\u00e9but comment mettre en avant la culture cara\u00efb\u00e9enne? 2025 Le restaurant L&#8217;utilisation du restaurant &#8221;ma [&hellip;]<\/p>\n","protected":false},"author":1,"featured_media":0,"parent":0,"menu_order":0,"comment_status":"closed","ping_status":"closed","template":"tpl-default-elementor.php","meta":{"footnotes":""},"class_list":["post-22","page","type-page","status-publish","hentry"],"jetpack_sharing_enabled":true,"_links":{"self":[{"href":"https:\/\/tpcompagnie.fr\/index.php?rest_route=\/wp\/v2\/pages\/22","targetHints":{"allow":["GET"]}}],"collection":[{"href":"https:\/\/tpcompagnie.fr\/index.php?rest_route=\/wp\/v2\/pages"}],"about":[{"href":"https:\/\/tpcompagnie.fr\/index.php?rest_route=\/wp\/v2\/types\/page"}],"author":[{"embeddable":true,"href":"https:\/\/tpcompagnie.fr\/index.php?rest_route=\/wp\/v2\/users\/1"}],"replies":[{"embeddable":true,"href":"https:\/\/tpcompagnie.fr\/index.php?rest_route=%2Fwp%2Fv2%2Fcomments&post=22"}],"version-history":[{"count":58,"href":"https:\/\/tpcompagnie.fr\/index.php?rest_route=\/wp\/v2\/pages\/22\/revisions"}],"predecessor-version":[{"id":1180,"href":"https:\/\/tpcompagnie.fr\/index.php?rest_route=\/wp\/v2\/pages\/22\/revisions\/1180"}],"wp:attachment":[{"href":"https:\/\/tpcompagnie.fr\/index.php?rest_route=%2Fwp%2Fv2%2Fmedia&parent=22"}],"curies":[{"name":"wp","href":"https:\/\/api.w.org\/{rel}","templated":true}]}}