{"id":1253,"date":"2025-10-28T13:03:13","date_gmt":"2025-10-28T12:03:13","guid":{"rendered":"https:\/\/tpcompagnie.fr\/?page_id=1253"},"modified":"2025-10-28T16:41:50","modified_gmt":"2025-10-28T15:41:50","slug":"nos-plats","status":"publish","type":"page","link":"https:\/\/tpcompagnie.fr\/?page_id=1253","title":{"rendered":"Nos Plats"},"content":{"rendered":"\t\t<div data-elementor-type=\"wp-page\" data-elementor-id=\"1253\" class=\"elementor elementor-1253\">\n\t\t\t\t<div class=\"elementor-element elementor-element-e38b536 e-con-full e-flex e-con e-parent\" data-id=\"e38b536\" data-element_type=\"container\">\n\t\t\t\t<div class=\"elementor-element elementor-element-93f7518 elementor-widget__width-inherit elementor-widget elementor-widget-ticrou_our_menu_v3\" data-id=\"93f7518\" data-element_type=\"widget\" data-widget_type=\"ticrou_our_menu_v3.default\">\n\t\t\t\t<div class=\"elementor-widget-container\">\n\t\t\t\t\t\n\t\t<!-- menu-style-three -->\n        <section class=\"menu-style-three\">\n            <div class=\"bg-layer parallax-bg\" data-parallax='{\"y\": 100}' style=\"background-image: url(https:\/\/tpcompagnie.fr\/wp-content\/uploads\/2022\/09\/gallery-58.jpg);\"><\/div>                        <div class=\"pattern-layer\">\n                <div class=\"pattern-1\" style=\"background-image: url(https:\/\/tpcompagnie.fr\/wp-content\/themes\/ticrou\/assets\/images\/shape\/shape-35.png);\"><\/div>\n                <div class=\"pattern-2\" style=\"background-image: url(https:\/\/tpcompagnie.fr\/wp-content\/themes\/ticrou\/assets\/images\/shape\/shape-36.png);\"><\/div>\n                <div class=\"pattern-3\" style=\"background-image: url(https:\/\/tpcompagnie.fr\/wp-content\/themes\/ticrou\/assets\/images\/shape\/shape-37.png);\"><\/div>\n            <\/div>\n                        <div class=\"auto-container\">\n                <div class=\"row clearfix\">\n                                        <div class=\"col-lg-6 col-md-12 col-sm-12 title-column\">\n                        <div class=\"sec-title light mr_60\">\n                            <span class=\"sub-title\">Nos plats<\/span>                                                        <p>Ma Gourmandise vous invite \u00e0 un voyage culinaire unique, o\u00f9 la tradition du terroir rencontre l'\u00e9xotisme des Antilles.<\/p>                        <\/div>\n                    <\/div>\n                                        <div class=\"col-lg-6 col-md-12 col-sm-12 menu-column\">\n                        <div class=\"menu-content\">\n                            <div class=\"two-item-carousel owl-carousel owl-theme owl-dots-none nav-style-one\">\n                                                                <div class=\"menu-block-two\">\n                                    <div class=\"title\">\n                                                                                <div class=\"shape\" style=\"background-image: url(https:\/\/tpcompagnie.fr\/wp-content\/themes\/ticrou\/assets\/images\/shape\/shape-26.png);\"><\/div>                                    <\/div>\n                                    <div class=\"inner-box\">\n                                                                                <div class=\"single-item\">\n                                            <figure class=\"menu-image\"><img decoding=\"async\" width=\"82\" height=\"82\" src=\"https:\/\/tpcompagnie.fr\/wp-content\/uploads\/2026\/03\/IMG-20260329-WA0001-82x82.jpg\" class=\"attachment-ticrou_82x82 size-ticrou_82x82 wp-post-image\" alt=\"\" srcset=\"https:\/\/tpcompagnie.fr\/wp-content\/uploads\/2026\/03\/IMG-20260329-WA0001-82x82.jpg 82w, https:\/\/tpcompagnie.fr\/wp-content\/uploads\/2026\/03\/IMG-20260329-WA0001-150x150.jpg 150w, https:\/\/tpcompagnie.fr\/wp-content\/uploads\/2026\/03\/IMG-20260329-WA0001-300x300.jpg 300w, https:\/\/tpcompagnie.fr\/wp-content\/uploads\/2026\/03\/IMG-20260329-WA0001-80x80.jpg 80w, https:\/\/tpcompagnie.fr\/wp-content\/uploads\/2026\/03\/IMG-20260329-WA0001-110x110.jpg 110w, https:\/\/tpcompagnie.fr\/wp-content\/uploads\/2026\/03\/IMG-20260329-WA0001-100x100.jpg 100w\" sizes=\"(max-width: 82px) 100vw, 82px\" \/><\/figure>                                            <div class=\"inner\">\n                                                <div class=\"upper-box\">\n                                                    <h4><a href=\"\">Burger Gourmand<\/a><\/h4>\n                                                    <span class=\"price\">13.90\u20ac<\/span>\n                                                <\/div>\n                                                <div class=\"text\">\n                                                    <p><\/p>\n                                                <\/div>\n                                            <\/div>\n                                        <\/div>\n                                                                                <div class=\"single-item\">\n                                            <figure class=\"menu-image\"><img decoding=\"async\" width=\"82\" height=\"82\" src=\"https:\/\/tpcompagnie.fr\/wp-content\/uploads\/2025\/09\/WhatsApp-Image-2025-09-08-at-10.35.55-3-82x82.jpeg\" class=\"attachment-ticrou_82x82 size-ticrou_82x82 wp-post-image\" alt=\"\" srcset=\"https:\/\/tpcompagnie.fr\/wp-content\/uploads\/2025\/09\/WhatsApp-Image-2025-09-08-at-10.35.55-3-82x82.jpeg 82w, https:\/\/tpcompagnie.fr\/wp-content\/uploads\/2025\/09\/WhatsApp-Image-2025-09-08-at-10.35.55-3-300x300.jpeg 300w, https:\/\/tpcompagnie.fr\/wp-content\/uploads\/2025\/09\/WhatsApp-Image-2025-09-08-at-10.35.55-3-100x100.jpeg 100w, https:\/\/tpcompagnie.fr\/wp-content\/uploads\/2025\/09\/WhatsApp-Image-2025-09-08-at-10.35.55-3-150x150.jpeg 150w, https:\/\/tpcompagnie.fr\/wp-content\/uploads\/2025\/09\/WhatsApp-Image-2025-09-08-at-10.35.55-3-80x80.jpeg 80w, https:\/\/tpcompagnie.fr\/wp-content\/uploads\/2025\/09\/WhatsApp-Image-2025-09-08-at-10.35.55-3-110x110.jpeg 110w\" sizes=\"(max-width: 82px) 100vw, 82px\" \/><\/figure>                                            <div class=\"inner\">\n                                                <div class=\"upper-box\">\n                                                    <h4><a href=\"https:\/\/fastwpdemo.com\/newwp\/ticrou\/product\/diablo-surf-turf\/\">Salade Caesar<\/a><\/h4>\n                                                    <span class=\"price\">15.90\u20ac<\/span>\n                                                <\/div>\n                                                <div class=\"text\">\n                                                    <p>Salade Caesar avec filet de poulet sauce c\u00e9sar croutons et parmesan<\/p>\n                                                <\/div>\n                                            <\/div>\n                                        <\/div>\n                                                                                <div class=\"single-item\">\n                                            <figure class=\"menu-image\"><img decoding=\"async\" width=\"82\" height=\"82\" src=\"https:\/\/tpcompagnie.fr\/wp-content\/uploads\/2025\/09\/WhatsApp-Image-2025-09-08-at-10.35.55-4-82x82.jpeg\" class=\"attachment-ticrou_82x82 size-ticrou_82x82 wp-post-image\" alt=\"\" srcset=\"https:\/\/tpcompagnie.fr\/wp-content\/uploads\/2025\/09\/WhatsApp-Image-2025-09-08-at-10.35.55-4-82x82.jpeg 82w, https:\/\/tpcompagnie.fr\/wp-content\/uploads\/2025\/09\/WhatsApp-Image-2025-09-08-at-10.35.55-4-300x300.jpeg 300w, https:\/\/tpcompagnie.fr\/wp-content\/uploads\/2025\/09\/WhatsApp-Image-2025-09-08-at-10.35.55-4-100x100.jpeg 100w, https:\/\/tpcompagnie.fr\/wp-content\/uploads\/2025\/09\/WhatsApp-Image-2025-09-08-at-10.35.55-4-150x150.jpeg 150w, https:\/\/tpcompagnie.fr\/wp-content\/uploads\/2025\/09\/WhatsApp-Image-2025-09-08-at-10.35.55-4-80x80.jpeg 80w, https:\/\/tpcompagnie.fr\/wp-content\/uploads\/2025\/09\/WhatsApp-Image-2025-09-08-at-10.35.55-4-110x110.jpeg 110w\" sizes=\"(max-width: 82px) 100vw, 82px\" \/><\/figure>                                            <div class=\"inner\">\n                                                <div class=\"upper-box\">\n                                                    <h4><a href=\"https:\/\/fastwpdemo.com\/newwp\/ticrou\/product\/fried-eggs-sandwiches\/\">Tartare de boeuf<\/a><\/h4>\n                                                    <span class=\"price\">19,50\u20ac<\/span>\n                                                <\/div>\n                                                <div class=\"text\">\n                                                    <p>Tartare de Boeuf, accompagn\u00e9 de frites de patates douces<\/p>\n                                                <\/div>\n                                            <\/div>\n                                        <\/div>\n                                                                                <div class=\"single-item\">\n                                            <figure class=\"menu-image\"><img loading=\"lazy\" decoding=\"async\" width=\"82\" height=\"82\" src=\"https:\/\/tpcompagnie.fr\/wp-content\/uploads\/2022\/09\/1000033330-82x82.jpg\" class=\"attachment-ticrou_82x82 size-ticrou_82x82 wp-post-image\" alt=\"\" srcset=\"https:\/\/tpcompagnie.fr\/wp-content\/uploads\/2022\/09\/1000033330-82x82.jpg 82w, https:\/\/tpcompagnie.fr\/wp-content\/uploads\/2022\/09\/1000033330-150x150.jpg 150w, https:\/\/tpcompagnie.fr\/wp-content\/uploads\/2022\/09\/1000033330-300x300.jpg 300w, https:\/\/tpcompagnie.fr\/wp-content\/uploads\/2022\/09\/1000033330-80x80.jpg 80w, https:\/\/tpcompagnie.fr\/wp-content\/uploads\/2022\/09\/1000033330-110x110.jpg 110w, https:\/\/tpcompagnie.fr\/wp-content\/uploads\/2022\/09\/1000033330-100x100.jpg 100w\" sizes=\"(max-width: 82px) 100vw, 82px\" \/><\/figure>                                            <div class=\"inner\">\n                                                <div class=\"upper-box\">\n                                                    <h4><a href=\"https:\/\/fastwpdemo.com\/newwp\/ticrou\/product\/meal-prep-box\/\">Anguille frite<\/a><\/h4>\n                                                    <span class=\"price\">23,90\u20ac<\/span>\n                                                <\/div>\n                                                <div class=\"text\">\n                                                    <p>Anguille frite \u00e0 la ciboulette<\/p>\n                                                <\/div>\n                                            <\/div>\n                                        <\/div>\n                                                                                <div class=\"single-item\">\n                                            <figure class=\"menu-image\"><img loading=\"lazy\" decoding=\"async\" width=\"82\" height=\"82\" src=\"https:\/\/tpcompagnie.fr\/wp-content\/uploads\/2022\/09\/1000034716-82x82.jpg\" class=\"attachment-ticrou_82x82 size-ticrou_82x82 wp-post-image\" alt=\"\" srcset=\"https:\/\/tpcompagnie.fr\/wp-content\/uploads\/2022\/09\/1000034716-82x82.jpg 82w, https:\/\/tpcompagnie.fr\/wp-content\/uploads\/2022\/09\/1000034716-300x300.jpg 300w, https:\/\/tpcompagnie.fr\/wp-content\/uploads\/2022\/09\/1000034716-1024x1021.jpg 1024w, https:\/\/tpcompagnie.fr\/wp-content\/uploads\/2022\/09\/1000034716-150x150.jpg 150w, https:\/\/tpcompagnie.fr\/wp-content\/uploads\/2022\/09\/1000034716-768x766.jpg 768w, https:\/\/tpcompagnie.fr\/wp-content\/uploads\/2022\/09\/1000034716-80x80.jpg 80w, https:\/\/tpcompagnie.fr\/wp-content\/uploads\/2022\/09\/1000034716-110x110.jpg 110w, https:\/\/tpcompagnie.fr\/wp-content\/uploads\/2022\/09\/1000034716-600x599.jpg 600w, https:\/\/tpcompagnie.fr\/wp-content\/uploads\/2022\/09\/1000034716-100x100.jpg 100w, https:\/\/tpcompagnie.fr\/wp-content\/uploads\/2022\/09\/1000034716.jpg 1220w\" sizes=\"(max-width: 82px) 100vw, 82px\" \/><\/figure>                                            <div class=\"inner\">\n                                                <div class=\"upper-box\">\n                                                    <h4><a href=\"https:\/\/fastwpdemo.com\/newwp\/ticrou\/product\/meat-lovers-pasta\/\">poulet cara\u00efb\u00e9en<\/a><\/h4>\n                                                    <span class=\"price\">16.90\u20ac<\/span>\n                                                <\/div>\n                                                <div class=\"text\">\n                                                    <p>poulet marin\u00e9e dans des \u00e9pices cr\u00e9oles .<\/p>\n                                                <\/div>\n                                            <\/div>\n                                        <\/div>\n                                                                            <\/div>\n                                <\/div>\n                                \t\t\t\t\t\t\t\t                            <\/div>\n                        <\/div>\n                    <\/div>\n                <\/div>\n            <\/div>\n        <\/section>\n        <!-- menu-style-three end -->\n        \n\t\t\t\t\t<\/div>\n\t\t\t\t<\/div>\n\t\t\t\t<\/div>\n\t\t\t\t<\/div>\n\t\t","protected":false},"excerpt":{"rendered":"<p>Nos plats Ma Gourmandise vous invite \u00e0 un voyage culinaire unique, o\u00f9 la tradition du terroir rencontre l&#8217;\u00e9xotisme des Antilles. Filet mignon aux champignon 18.90\u20ac Filet de porc servie avec une sauce aux champignon Salade Caesar 15.90\u20ac Salade Caesar avec filet de poulet sauce c\u00e9sar croutons et parmesan Tartare de boeuf 19,50\u20ac Tartare de Boeuf, [&hellip;]<\/p>\n","protected":false},"author":1,"featured_media":0,"parent":0,"menu_order":0,"comment_status":"closed","ping_status":"closed","template":"","meta":{"footnotes":""},"class_list":["post-1253","page","type-page","status-publish","hentry"],"jetpack_sharing_enabled":true,"_links":{"self":[{"href":"https:\/\/tpcompagnie.fr\/index.php?rest_route=\/wp\/v2\/pages\/1253","targetHints":{"allow":["GET"]}}],"collection":[{"href":"https:\/\/tpcompagnie.fr\/index.php?rest_route=\/wp\/v2\/pages"}],"about":[{"href":"https:\/\/tpcompagnie.fr\/index.php?rest_route=\/wp\/v2\/types\/page"}],"author":[{"embeddable":true,"href":"https:\/\/tpcompagnie.fr\/index.php?rest_route=\/wp\/v2\/users\/1"}],"replies":[{"embeddable":true,"href":"https:\/\/tpcompagnie.fr\/index.php?rest_route=%2Fwp%2Fv2%2Fcomments&post=1253"}],"version-history":[{"count":10,"href":"https:\/\/tpcompagnie.fr\/index.php?rest_route=\/wp\/v2\/pages\/1253\/revisions"}],"predecessor-version":[{"id":1299,"href":"https:\/\/tpcompagnie.fr\/index.php?rest_route=\/wp\/v2\/pages\/1253\/revisions\/1299"}],"wp:attachment":[{"href":"https:\/\/tpcompagnie.fr\/index.php?rest_route=%2Fwp%2Fv2%2Fmedia&parent=1253"}],"curies":[{"name":"wp","href":"https:\/\/api.w.org\/{rel}","templated":true}]}}