{"id":1213,"date":"2025-10-28T12:00:02","date_gmt":"2025-10-28T11:00:02","guid":{"rendered":"https:\/\/tpcompagnie.fr\/?page_id=1213"},"modified":"2025-10-28T15:43:23","modified_gmt":"2025-10-28T14:43:23","slug":"elementor-1213","status":"publish","type":"page","link":"https:\/\/tpcompagnie.fr\/?page_id=1213","title":{"rendered":"Nos Entr\u00e9e"},"content":{"rendered":"\t\t<div data-elementor-type=\"wp-page\" data-elementor-id=\"1213\" class=\"elementor elementor-1213\">\n\t\t\t\t<div class=\"elementor-element elementor-element-e38b536 e-con-full e-flex e-con e-parent\" data-id=\"e38b536\" data-element_type=\"container\">\n\t\t\t\t<div class=\"elementor-element elementor-element-93f7518 elementor-widget__width-inherit elementor-widget elementor-widget-ticrou_our_menu_v3\" data-id=\"93f7518\" data-element_type=\"widget\" data-widget_type=\"ticrou_our_menu_v3.default\">\n\t\t\t\t<div class=\"elementor-widget-container\">\n\t\t\t\t\t\n\t\t<!-- menu-style-three -->\n        <section class=\"menu-style-three\">\n            <div class=\"bg-layer parallax-bg\" data-parallax='{\"y\": 100}' style=\"background-image: url(https:\/\/tpcompagnie.fr\/wp-content\/uploads\/2022\/09\/gallery-58.jpg);\"><\/div>                        <div class=\"pattern-layer\">\n                <div class=\"pattern-1\" style=\"background-image: url(https:\/\/tpcompagnie.fr\/wp-content\/themes\/ticrou\/assets\/images\/shape\/shape-35.png);\"><\/div>\n                <div class=\"pattern-2\" style=\"background-image: url(https:\/\/tpcompagnie.fr\/wp-content\/themes\/ticrou\/assets\/images\/shape\/shape-36.png);\"><\/div>\n                <div class=\"pattern-3\" style=\"background-image: url(https:\/\/tpcompagnie.fr\/wp-content\/themes\/ticrou\/assets\/images\/shape\/shape-37.png);\"><\/div>\n            <\/div>\n                        <div class=\"auto-container\">\n                <div class=\"row clearfix\">\n                                        <div class=\"col-lg-6 col-md-12 col-sm-12 title-column\">\n                        <div class=\"sec-title light mr_60\">\n                            <span class=\"sub-title\">Nos entr\u00e9es<\/span>                                                        <p>le restaurant vous propose une s\u00e9lection d'entr\u00e9e vari\u00e9es, inspir\u00e9es \u00e0 la fois du Marais poitevin et des saveurs des Antilles.<\/p>                        <\/div>\n                    <\/div>\n                                        <div class=\"col-lg-6 col-md-12 col-sm-12 menu-column\">\n                        <div class=\"menu-content\">\n                            <div class=\"two-item-carousel owl-carousel owl-theme owl-dots-none nav-style-one\">\n                                                                <div class=\"menu-block-two\">\n                                    <div class=\"title\">\n                                                                                <div class=\"shape\" style=\"background-image: url(https:\/\/tpcompagnie.fr\/wp-content\/themes\/ticrou\/assets\/images\/shape\/shape-26.png);\"><\/div>                                    <\/div>\n                                    <div class=\"inner-box\">\n                                                                                <div class=\"single-item\">\n                                            <figure class=\"menu-image\"><img decoding=\"async\" width=\"82\" height=\"82\" src=\"https:\/\/tpcompagnie.fr\/wp-content\/uploads\/2025\/10\/assiette-creol-82x82.jpg\" class=\"attachment-ticrou_82x82 size-ticrou_82x82 wp-post-image\" alt=\"\" srcset=\"https:\/\/tpcompagnie.fr\/wp-content\/uploads\/2025\/10\/assiette-creol-82x82.jpg 82w, https:\/\/tpcompagnie.fr\/wp-content\/uploads\/2025\/10\/assiette-creol-150x150.jpg 150w, https:\/\/tpcompagnie.fr\/wp-content\/uploads\/2025\/10\/assiette-creol-300x300.jpg 300w, https:\/\/tpcompagnie.fr\/wp-content\/uploads\/2025\/10\/assiette-creol-80x80.jpg 80w, https:\/\/tpcompagnie.fr\/wp-content\/uploads\/2025\/10\/assiette-creol-110x110.jpg 110w, https:\/\/tpcompagnie.fr\/wp-content\/uploads\/2025\/10\/assiette-creol-100x100.jpg 100w\" sizes=\"(max-width: 82px) 100vw, 82px\" \/><\/figure>                                            <div class=\"inner\">\n                                                <div class=\"upper-box\">\n                                                    <h4><a href=\"\">Assiette cr\u00e9ole<\/a><\/h4>\n                                                    <span class=\"price\">9.90\u20ac<\/span>\n                                                <\/div>\n                                                <div class=\"text\">\n                                                    <p>L&#8217;assiette cr\u00e9ole r\u00e9unit des beignets de crevettes, des pilons de poulet marin\u00e9s, des accras, ainsi qu&#8217;une salade compos\u00e9e de tomates et d&#8217;oignons: tout ce qu&#8217;il faut pour entamer un v\u00e9ritable voyage culinaire aux saveurs des Antilles .<\/p>\n                                                <\/div>\n                                            <\/div>\n                                        <\/div>\n                                                                                <div class=\"single-item\">\n                                            <figure class=\"menu-image\"><img decoding=\"async\" width=\"82\" height=\"82\" src=\"https:\/\/tpcompagnie.fr\/wp-content\/uploads\/2022\/09\/1000033328-82x82.jpg\" class=\"attachment-ticrou_82x82 size-ticrou_82x82 wp-post-image\" alt=\"\" srcset=\"https:\/\/tpcompagnie.fr\/wp-content\/uploads\/2022\/09\/1000033328-82x82.jpg 82w, https:\/\/tpcompagnie.fr\/wp-content\/uploads\/2022\/09\/1000033328-150x150.jpg 150w, https:\/\/tpcompagnie.fr\/wp-content\/uploads\/2022\/09\/1000033328-300x300.jpg 300w, https:\/\/tpcompagnie.fr\/wp-content\/uploads\/2022\/09\/1000033328-80x80.jpg 80w, https:\/\/tpcompagnie.fr\/wp-content\/uploads\/2022\/09\/1000033328-110x110.jpg 110w, https:\/\/tpcompagnie.fr\/wp-content\/uploads\/2022\/09\/1000033328-100x100.jpg 100w\" sizes=\"(max-width: 82px) 100vw, 82px\" \/><\/figure>                                            <div class=\"inner\">\n                                                <div class=\"upper-box\">\n                                                    <h4><a href=\"http:\/\/8\u20ac\">Farci poitevin<\/a><\/h4>\n                                                    <span class=\"price\">8\u20ac<\/span>\n                                                <\/div>\n                                                <div class=\"text\">\n                                                    <p><\/p>\n                                                <\/div>\n                                            <\/div>\n                                        <\/div>\n                                                                                <div class=\"single-item\">\n                                            <figure class=\"menu-image\"><img decoding=\"async\" width=\"82\" height=\"82\" src=\"https:\/\/tpcompagnie.fr\/wp-content\/uploads\/2022\/09\/WhatsApp-Image-2025-09-15-at-21.44.07-82x82.jpeg\" class=\"attachment-ticrou_82x82 size-ticrou_82x82 wp-post-image\" alt=\"\" srcset=\"https:\/\/tpcompagnie.fr\/wp-content\/uploads\/2022\/09\/WhatsApp-Image-2025-09-15-at-21.44.07-82x82.jpeg 82w, https:\/\/tpcompagnie.fr\/wp-content\/uploads\/2022\/09\/WhatsApp-Image-2025-09-15-at-21.44.07-300x300.jpeg 300w, https:\/\/tpcompagnie.fr\/wp-content\/uploads\/2022\/09\/WhatsApp-Image-2025-09-15-at-21.44.07-100x100.jpeg 100w, https:\/\/tpcompagnie.fr\/wp-content\/uploads\/2022\/09\/WhatsApp-Image-2025-09-15-at-21.44.07-150x150.jpeg 150w, https:\/\/tpcompagnie.fr\/wp-content\/uploads\/2022\/09\/WhatsApp-Image-2025-09-15-at-21.44.07-80x80.jpeg 80w, https:\/\/tpcompagnie.fr\/wp-content\/uploads\/2022\/09\/WhatsApp-Image-2025-09-15-at-21.44.07-110x110.jpeg 110w\" sizes=\"(max-width: 82px) 100vw, 82px\" \/><\/figure>                                            <div class=\"inner\">\n                                                <div class=\"upper-box\">\n                                                    <h4><a href=\"https:\/\/fastwpdemo.com\/newwp\/ticrou\/product\/beef-and-dumplings\/\">Accras<\/a><\/h4>\n                                                    <span class=\"price\">7.50\u20ac<\/span>\n                                                <\/div>\n                                                <div class=\"text\">\n                                                    <p>6 accras de crevettes accompagn\u00e9 de leurs sauces.<\/p>\n                                                <\/div>\n                                            <\/div>\n                                        <\/div>\n                                                                                <div class=\"single-item\">\n                                            <figure class=\"menu-image\"><img loading=\"lazy\" decoding=\"async\" width=\"82\" height=\"82\" src=\"https:\/\/tpcompagnie.fr\/wp-content\/uploads\/2025\/09\/WhatsApp-Image-2025-09-08-at-10.35.55-5-82x82.jpeg\" class=\"attachment-ticrou_82x82 size-ticrou_82x82 wp-post-image\" alt=\"\" srcset=\"https:\/\/tpcompagnie.fr\/wp-content\/uploads\/2025\/09\/WhatsApp-Image-2025-09-08-at-10.35.55-5-82x82.jpeg 82w, https:\/\/tpcompagnie.fr\/wp-content\/uploads\/2025\/09\/WhatsApp-Image-2025-09-08-at-10.35.55-5-300x300.jpeg 300w, https:\/\/tpcompagnie.fr\/wp-content\/uploads\/2025\/09\/WhatsApp-Image-2025-09-08-at-10.35.55-5-100x100.jpeg 100w, https:\/\/tpcompagnie.fr\/wp-content\/uploads\/2025\/09\/WhatsApp-Image-2025-09-08-at-10.35.55-5-150x150.jpeg 150w, https:\/\/tpcompagnie.fr\/wp-content\/uploads\/2025\/09\/WhatsApp-Image-2025-09-08-at-10.35.55-5-80x80.jpeg 80w, https:\/\/tpcompagnie.fr\/wp-content\/uploads\/2025\/09\/WhatsApp-Image-2025-09-08-at-10.35.55-5-110x110.jpeg 110w\" sizes=\"(max-width: 82px) 100vw, 82px\" \/><\/figure>                                            <div class=\"inner\">\n                                                <div class=\"upper-box\">\n                                                    <h4><a href=\"https:\/\/fastwpdemo.com\/newwp\/ticrou\/product\/honey-chipotle-beef\/\">Poisson a la tahitienne<\/a><\/h4>\n                                                    <span class=\"price\">9.70\u20ac<\/span>\n                                                <\/div>\n                                                <div class=\"text\">\n                                                    <p>poisson mahi mahi servi avec un m\u00e9lange d&#8217;\u00e9pices et de citron<\/p>\n                                                <\/div>\n                                            <\/div>\n                                        <\/div>\n                                                                            <\/div>\n                                <\/div>\n                                \t\t\t\t\t\t\t\t                            <\/div>\n                        <\/div>\n                    <\/div>\n                <\/div>\n            <\/div>\n        <\/section>\n        <!-- menu-style-three end -->\n        \n\t\t\t\t\t<\/div>\n\t\t\t\t<\/div>\n\t\t\t\t<\/div>\n\t\t\t\t<\/div>\n\t\t","protected":false},"excerpt":{"rendered":"<p>Nos entr\u00e9es le restaurant vous propose une s\u00e9lection d&#8217;entr\u00e9e vari\u00e9es, inspir\u00e9es \u00e0 la fois du Marais poitevin et des saveurs des Antilles. Oeuf mimosa 3.90\u20ac Assiette cr\u00e9ole 9.90\u20ac L&#8217;assiette cr\u00e9ole r\u00e9unit des beignets de crevettes, des pilons de poulet marin\u00e9s, des accras, ainsi qu&#8217;une salade compos\u00e9e de tomates et d&#8217;oignons: tout ce qu&#8217;il faut pour [&hellip;]<\/p>\n","protected":false},"author":1,"featured_media":0,"parent":0,"menu_order":0,"comment_status":"closed","ping_status":"closed","template":"","meta":{"footnotes":""},"class_list":["post-1213","page","type-page","status-publish","hentry"],"jetpack_sharing_enabled":true,"_links":{"self":[{"href":"https:\/\/tpcompagnie.fr\/index.php?rest_route=\/wp\/v2\/pages\/1213","targetHints":{"allow":["GET"]}}],"collection":[{"href":"https:\/\/tpcompagnie.fr\/index.php?rest_route=\/wp\/v2\/pages"}],"about":[{"href":"https:\/\/tpcompagnie.fr\/index.php?rest_route=\/wp\/v2\/types\/page"}],"author":[{"embeddable":true,"href":"https:\/\/tpcompagnie.fr\/index.php?rest_route=\/wp\/v2\/users\/1"}],"replies":[{"embeddable":true,"href":"https:\/\/tpcompagnie.fr\/index.php?rest_route=%2Fwp%2Fv2%2Fcomments&post=1213"}],"version-history":[{"count":32,"href":"https:\/\/tpcompagnie.fr\/index.php?rest_route=\/wp\/v2\/pages\/1213\/revisions"}],"predecessor-version":[{"id":1296,"href":"https:\/\/tpcompagnie.fr\/index.php?rest_route=\/wp\/v2\/pages\/1213\/revisions\/1296"}],"wp:attachment":[{"href":"https:\/\/tpcompagnie.fr\/index.php?rest_route=%2Fwp%2Fv2%2Fmedia&parent=1213"}],"curies":[{"name":"wp","href":"https:\/\/api.w.org\/{rel}","templated":true}]}}